{"id":15998,"date":"2022-12-01T18:00:11","date_gmt":"2022-12-01T17:00:11","guid":{"rendered":"https:\/\/mdks.home.pl\/autoinstalator\/wordpress1\/?page_id=15998"},"modified":"2023-10-19T15:16:54","modified_gmt":"2023-10-19T13:16:54","slug":"szachy","status":"publish","type":"page","link":"https:\/\/mdks.home.pl\/autoinstalator\/wordpress1\/kola\/szachy\/","title":{"rendered":"szachy"},"content":{"rendered":"\t\t<div data-elementor-type=\"wp-page\" data-elementor-id=\"15998\" class=\"elementor elementor-15998\">\n\t\t\t\t\t\t<section class=\"elementor-section elementor-top-section elementor-element elementor-element-1817394 elementor-section-boxed elementor-section-height-default elementor-section-height-default\" data-id=\"1817394\" data-element_type=\"section\">\n\t\t\t\t\t\t<div class=\"elementor-container elementor-column-gap-default\">\n\t\t\t\t\t<div class=\"elementor-column elementor-col-100 elementor-top-column elementor-element elementor-element-4b862d3e\" data-id=\"4b862d3e\" data-element_type=\"column\">\n\t\t\t<div class=\"elementor-widget-wrap elementor-element-populated\">\n\t\t\t\t\t\t<div class=\"elementor-element elementor-element-1eb840c1 elementor-widget elementor-widget-ekit-nav-menu\" data-id=\"1eb840c1\" data-element_type=\"widget\" data-widget_type=\"ekit-nav-menu.default\">\n\t\t\t\t<div class=\"elementor-widget-container\">\n\t\t\t\t\t\t\t<nav class=\"ekit-wid-con ekit_menu_responsive_tablet\" \n\t\t\tdata-hamburger-icon=\"\" \n\t\t\tdata-hamburger-icon-type=\"icon\" \n\t\t\tdata-responsive-breakpoint=\"1024\">\n\t\t\t            <button class=\"elementskit-menu-hamburger elementskit-menu-toggler\"  type=\"button\" aria-label=\"hamburger-icon\">\n                                    <span class=\"elementskit-menu-hamburger-icon\"><\/span><span class=\"elementskit-menu-hamburger-icon\"><\/span><span class=\"elementskit-menu-hamburger-icon\"><\/span>\n                            <\/button>\n            <div id=\"ekit-megamenu-main-menu\" class=\"elementskit-menu-container elementskit-menu-offcanvas-elements elementskit-navbar-nav-default ekit-nav-menu-one-page- ekit-nav-dropdown-hover\"><ul id=\"menu-main-menu\" class=\"elementskit-navbar-nav elementskit-menu-po-right submenu-click-on-icon\"><li id=\"menu-item-18146\" class=\"menu-item menu-item-type-post_type menu-item-object-page menu-item-18146 nav-item elementskit-mobile-builder-content\" data-vertical-menu=750px><a href=\"https:\/\/mdks.home.pl\/autoinstalator\/wordpress1\/harmonogram-zajec\/\" class=\"ekit-menu-nav-link menu-link\">Harmonogram zaj\u0119\u0107<\/a><\/li>\n<li id=\"menu-item-18088\" class=\"menu-item menu-item-type-post_type menu-item-object-page menu-item-18088 nav-item elementskit-mobile-builder-content\" data-vertical-menu=750px><a href=\"https:\/\/mdks.home.pl\/autoinstalator\/wordpress1\/zajecia-odwolane\/\" class=\"ekit-menu-nav-link menu-link\">Zaj\u0119cia odwo\u0142ane<\/a><\/li>\n<li id=\"menu-item-15451\" class=\"menu-item menu-item-type-post_type menu-item-object-page menu-item-15451 nav-item elementskit-mobile-builder-content\" data-vertical-menu=750px><a href=\"https:\/\/mdks.home.pl\/autoinstalator\/wordpress1\/posty\/\" class=\"ekit-menu-nav-link menu-link\">Aktualno\u015bci<\/a><\/li>\n<li id=\"menu-item-13828\" class=\"menu-item menu-item-type-post_type menu-item-object-page menu-item-home menu-item-13828 nav-item elementskit-mobile-builder-content\" data-vertical-menu=750px><a href=\"https:\/\/mdks.home.pl\/autoinstalator\/wordpress1\/\" class=\"ekit-menu-nav-link menu-link\">Pracownie<\/a><\/li>\n<li id=\"menu-item-15856\" class=\"menu-item menu-item-type-post_type menu-item-object-page menu-item-15856 nav-item elementskit-mobile-builder-content\" data-vertical-menu=750px><a href=\"https:\/\/mdks.home.pl\/autoinstalator\/wordpress1\/filmy\/\" class=\"ekit-menu-nav-link menu-link\">Filmy<\/a><\/li>\n<li id=\"menu-item-17141\" class=\"menu-item menu-item-type-post_type menu-item-object-post menu-item-17141 nav-item elementskit-mobile-builder-content\" data-vertical-menu=750px><a href=\"https:\/\/mdks.home.pl\/autoinstalator\/wordpress1\/rekrutacja-na-zajecia-w-mdk\/\" class=\"ekit-menu-nav-link menu-link\">REKRUTACJA 2026\/2027<\/a><\/li>\n<li id=\"menu-item-16490\" class=\"menu-item menu-item-type-post_type menu-item-object-page menu-item-16490 nav-item elementskit-mobile-builder-content\" data-vertical-menu=750px><a href=\"https:\/\/mdks.home.pl\/autoinstalator\/wordpress1\/zachowac-pamiec\/\" class=\"ekit-menu-nav-link menu-link\">Zachowa\u0107 Pami\u0119\u0107<\/a><\/li>\n<li id=\"menu-item-13482\" class=\"menu-item menu-item-type-post_type menu-item-object-page menu-item-13482 nav-item elementskit-mobile-builder-content\" data-vertical-menu=750px><a href=\"https:\/\/mdks.home.pl\/autoinstalator\/wordpress1\/historia\/\" class=\"ekit-menu-nav-link menu-link\">Historia<\/a><\/li>\n<li id=\"menu-item-15007\" class=\"menu-item menu-item-type-post_type menu-item-object-page menu-item-15007 nav-item elementskit-mobile-builder-content\" data-vertical-menu=750px><a href=\"https:\/\/mdks.home.pl\/autoinstalator\/wordpress1\/tp-mdk\/\" class=\"ekit-menu-nav-link menu-link\">TP MDK<\/a><\/li>\n<li id=\"menu-item-12111\" class=\"menu-item menu-item-type-post_type menu-item-object-page menu-item-12111 nav-item elementskit-mobile-builder-content\" data-vertical-menu=750px><a href=\"https:\/\/mdks.home.pl\/autoinstalator\/wordpress1\/info-contact\/\" class=\"ekit-menu-nav-link menu-link\">Kontakt<\/a><\/li>\n<li id=\"menu-item-18458\" class=\"menu-item menu-item-type-post_type menu-item-object-post menu-item-18458 nav-item elementskit-mobile-builder-content\" data-vertical-menu=750px><a href=\"https:\/\/mdks.home.pl\/autoinstalator\/wordpress1\/23-dozwolone-do-lat-19\/\" class=\"ekit-menu-nav-link menu-link\">Dozwolone do Lat 19<\/a><\/li>\n<\/ul><div class=\"elementskit-nav-identity-panel\"><button class=\"elementskit-menu-close elementskit-menu-toggler\" type=\"button\">X<\/button><\/div><\/div>\t\t\t\n\t\t\t<div class=\"elementskit-menu-overlay elementskit-menu-offcanvas-elements elementskit-menu-toggler ekit-nav-menu--overlay\"><\/div>        <\/nav>\n\t\t\t\t\t\t<\/div>\n\t\t\t\t<\/div>\n\t\t\t\t\t<\/div>\n\t\t<\/div>\n\t\t\t\t\t<\/div>\n\t\t<\/section>\n\t\t\t\t<section class=\"elementor-section elementor-top-section elementor-element elementor-element-5cb532a6 elementor-section-height-min-height elementor-section-full_width elementor-section-height-default elementor-section-items-middle\" data-id=\"5cb532a6\" data-element_type=\"section\" data-settings=\"{&quot;background_background&quot;:&quot;classic&quot;}\">\n\t\t\t\t\t\t\t<div class=\"elementor-background-overlay\"><\/div>\n\t\t\t\t\t\t\t<div class=\"elementor-container elementor-column-gap-default\">\n\t\t\t\t\t<div class=\"elementor-column elementor-col-100 elementor-top-column elementor-element elementor-element-51a8aec2\" data-id=\"51a8aec2\" data-element_type=\"column\">\n\t\t\t<div class=\"elementor-widget-wrap elementor-element-populated\">\n\t\t\t\t\t\t<section class=\"elementor-section elementor-inner-section elementor-element elementor-element-3e8d31a5 elementor-section-boxed elementor-section-height-default elementor-section-height-default\" data-id=\"3e8d31a5\" data-element_type=\"section\">\n\t\t\t\t\t\t<div class=\"elementor-container elementor-column-gap-default\">\n\t\t\t\t\t<div class=\"elementor-column elementor-col-50 elementor-inner-column elementor-element elementor-element-4ffefc55\" data-id=\"4ffefc55\" data-element_type=\"column\">\n\t\t\t<div class=\"elementor-widget-wrap elementor-element-populated\">\n\t\t\t\t\t\t<div class=\"elementor-element elementor-element-3a69badd elementor-widget elementor-widget-elementskit-heading\" data-id=\"3a69badd\" data-element_type=\"widget\" data-widget_type=\"elementskit-heading.default\">\n\t\t\t\t<div class=\"elementor-widget-container\">\n\t\t\t\t\t<div class=\"ekit-wid-con\" ><div class=\"ekit-heading elementskit-section-title-wraper text_left   ekit_heading_tablet-   ekit_heading_mobile-\"><h5 class=\"ekit-heading--title elementskit-section-title \">KO\u0141O SZACHOWE \"ROSZADA\"<\/h5><\/div><\/div>\t\t\t\t<\/div>\n\t\t\t\t<\/div>\n\t\t\t\t\t<\/div>\n\t\t<\/div>\n\t\t\t\t<div class=\"elementor-column elementor-col-50 elementor-inner-column elementor-element elementor-element-7e9b5303\" data-id=\"7e9b5303\" data-element_type=\"column\">\n\t\t\t<div class=\"elementor-widget-wrap\">\n\t\t\t\t\t\t\t<\/div>\n\t\t<\/div>\n\t\t\t\t\t<\/div>\n\t\t<\/section>\n\t\t\t\t\t<\/div>\n\t\t<\/div>\n\t\t\t\t\t<\/div>\n\t\t<\/section>\n\t\t\t\t<section class=\"elementor-section elementor-top-section elementor-element elementor-element-3262bce4 elementor-section-boxed elementor-section-height-default elementor-section-height-default\" data-id=\"3262bce4\" data-element_type=\"section\" data-settings=\"{&quot;background_background&quot;:&quot;classic&quot;}\">\n\t\t\t\t\t\t<div class=\"elementor-container elementor-column-gap-default\">\n\t\t\t\t\t<div class=\"elementor-column elementor-col-66 elementor-top-column elementor-element elementor-element-3f6e9835\" data-id=\"3f6e9835\" data-element_type=\"column\">\n\t\t\t<div class=\"elementor-widget-wrap elementor-element-populated\">\n\t\t\t\t\t\t<div class=\"elementor-element elementor-element-6f43be73 elementor-widget elementor-widget-elementskit-heading\" data-id=\"6f43be73\" data-element_type=\"widget\" data-widget_type=\"elementskit-heading.default\">\n\t\t\t\t<div class=\"elementor-widget-container\">\n\t\t\t\t\t<div class=\"ekit-wid-con\" ><div class=\"ekit-heading elementskit-section-title-wraper text_right   ekit_heading_tablet-   ekit_heading_mobile-\"><h5 class=\"ekit-heading--title elementskit-section-title \">KO\u0141O SZACHOWE <span><span>ROSZADA<\/span><\/span><\/h5><\/div><\/div>\t\t\t\t<\/div>\n\t\t\t\t<\/div>\n\t\t\t\t<div class=\"elementor-element elementor-element-e2c38ca elementor-widget elementor-widget-text-editor\" data-id=\"e2c38ca\" data-element_type=\"widget\" data-widget_type=\"text-editor.default\">\n\t\t\t\t<div class=\"elementor-widget-container\">\n\t\t\t\t\t\t\t\t\t<p class=\"font_8\">Ko\u0142o szachowe &#8222;Roszada&#8221; dzieli si\u0119 na dwie grupy: pocz\u0105tkuj\u0105c\u0105 i zaawansowan\u0105. Co jest warunkiem uczestnictwa w zaj\u0119ciach? Do ko\u0142a przyjmowane s\u0105 dzieci, kt\u00f3re uko\u0144czy\u0142y 6 rok \u017cycia i znaj\u0105 literki oraz cyferki. Reszty nauczymy si\u0119 wsp\u00f3lnie!<\/p><p class=\"font_8\"><span class=\"wixGuard\">\u200b<\/span>Ko\u0142o szachowe to miejsce dla ka\u017cdego, kto chce nauczy\u0107 si\u0119 logicznego my\u015blenia, my\u015blenia przyczynowo \u2013 skutkowego. Tu uczymy rozumienia, \u017ce nic nie dzieje si\u0119 samo z siebie, \u017ce to my decydujemy o wyniku tego, co robimy.<\/p><p class=\"font_8\">Niby proste, ale\u2026 W tym kole wyposa\u017camy dzieci nie tylko w umiej\u0119tno\u015b\u0107 wygrywania ale tak\u017ce &#8211; co chyba wa\u017cniejsze, w umiej\u0119tno\u015b\u0107 przegrywania i zdrowej rywalizacji. Te umiej\u0119tno\u015bci bardzo przydaj\u0105 si\u0119 w \u017cyciu codziennym.<\/p><p class=\"font_8\">Na zaj\u0119ciach ko\u0142a szachowego bawimy si\u0119, uczymy i gramy ale przede wszystkim my\u015blimy i pracujemy. Uczymy si\u0119 te\u017c zasad brania udzia\u0142u w turniejach szachowych, kt\u00f3re organizujemy kilka razy w roku. Tym samym przygotowujemy si\u0119 do gry w turniejach z doros\u0142ymi szachistami.<\/p>\t\t\t\t\t\t\t\t<\/div>\n\t\t\t\t<\/div>\n\t\t\t\t\t<\/div>\n\t\t<\/div>\n\t\t\t\t<div class=\"elementor-column elementor-col-33 elementor-top-column elementor-element elementor-element-a37d85\" data-id=\"a37d85\" data-element_type=\"column\">\n\t\t\t<div class=\"elementor-widget-wrap elementor-element-populated\">\n\t\t\t\t\t\t<div class=\"elementor-element elementor-element-387268d5 elementor-widget elementor-widget-image\" data-id=\"387268d5\" data-element_type=\"widget\" data-widget_type=\"image.default\">\n\t\t\t\t<div class=\"elementor-widget-container\">\n\t\t\t\t\t\t\t\t\t\t\t\t\t\t\t\t<a href=\"http:\/\/mdks.home.pl\/autoinstalator\/wordpress1\/wp-content\/uploads\/2022\/12\/szachy1.jpg\" data-elementor-open-lightbox=\"yes\" data-elementor-lightbox-title=\"szachy1\" data-e-action-hash=\"#elementor-action%3Aaction%3Dlightbox%26settings%3DeyJpZCI6MTYwMTEsInVybCI6Imh0dHBzOlwvXC9tZGtzLmhvbWUucGxcL2F1dG9pbnN0YWxhdG9yXC93b3JkcHJlc3MxXC93cC1jb250ZW50XC91cGxvYWRzXC8yMDIyXC8xMlwvc3phY2h5MS5qcGcifQ%3D%3D\">\n\t\t\t\t\t\t\t<img fetchpriority=\"high\" decoding=\"async\" width=\"1024\" height=\"1024\" src=\"https:\/\/mdks.home.pl\/autoinstalator\/wordpress1\/wp-content\/uploads\/2022\/12\/szachy1-1024x1024.jpg\" class=\"attachment-large size-large wp-image-16011\" alt=\"\" srcset=\"https:\/\/mdks.home.pl\/autoinstalator\/wordpress1\/wp-content\/uploads\/2022\/12\/szachy1-1024x1024.jpg 1024w, https:\/\/mdks.home.pl\/autoinstalator\/wordpress1\/wp-content\/uploads\/2022\/12\/szachy1-300x300.jpg 300w, https:\/\/mdks.home.pl\/autoinstalator\/wordpress1\/wp-content\/uploads\/2022\/12\/szachy1-150x150.jpg 150w, https:\/\/mdks.home.pl\/autoinstalator\/wordpress1\/wp-content\/uploads\/2022\/12\/szachy1-768x768.jpg 768w, https:\/\/mdks.home.pl\/autoinstalator\/wordpress1\/wp-content\/uploads\/2022\/12\/szachy1.jpg 1152w\" sizes=\"(max-width: 1024px) 100vw, 1024px\" \/>\t\t\t\t\t\t\t\t<\/a>\n\t\t\t\t\t\t\t\t\t\t\t\t\t\t\t<\/div>\n\t\t\t\t<\/div>\n\t\t\t\t\t<\/div>\n\t\t<\/div>\n\t\t\t\t\t<\/div>\n\t\t<\/section>\n\t\t\t\t<section class=\"elementor-section elementor-top-section elementor-element elementor-element-4cda6e01 elementor-section-stretched elementor-section-boxed elementor-section-height-default elementor-section-height-default\" data-id=\"4cda6e01\" data-element_type=\"section\" data-settings=\"{&quot;stretch_section&quot;:&quot;section-stretched&quot;,&quot;background_background&quot;:&quot;classic&quot;}\">\n\t\t\t\t\t\t<div class=\"elementor-container elementor-column-gap-default\">\n\t\t\t\t\t<div class=\"elementor-column elementor-col-50 elementor-top-column elementor-element elementor-element-51d9a999\" data-id=\"51d9a999\" data-element_type=\"column\">\n\t\t\t<div class=\"elementor-widget-wrap elementor-element-populated\">\n\t\t\t\t\t\t<div class=\"elementor-element elementor-element-5143e583 elementor-widget elementor-widget-elementskit-heading\" data-id=\"5143e583\" data-element_type=\"widget\" data-widget_type=\"elementskit-heading.default\">\n\t\t\t\t<div class=\"elementor-widget-container\">\n\t\t\t\t\t<div class=\"ekit-wid-con\" ><div class=\"ekit-heading elementskit-section-title-wraper text_left   ekit_heading_tablet-   ekit_heading_mobile-\"><span class=\"elementskit-section-subtitle  \">\n\t\t\t\t\t\tnauczyciel\n\t\t\t\t\t<\/span><h3 class=\"ekit-heading--title elementskit-section-title \">Marcin  <span><span>Raczy\u0144ski<\/span><\/span><\/h3><\/div><\/div>\t\t\t\t<\/div>\n\t\t\t\t<\/div>\n\t\t\t\t\t<\/div>\n\t\t<\/div>\n\t\t\t\t<div class=\"elementor-column elementor-col-50 elementor-top-column elementor-element elementor-element-4015d4fc\" data-id=\"4015d4fc\" data-element_type=\"column\">\n\t\t\t<div class=\"elementor-widget-wrap elementor-element-populated\">\n\t\t\t\t\t\t<div class=\"elementor-element elementor-element-49a79e87 elementor-widget elementor-widget-image\" data-id=\"49a79e87\" data-element_type=\"widget\" data-widget_type=\"image.default\">\n\t\t\t\t<div class=\"elementor-widget-container\">\n\t\t\t\t\t\t\t\t\t\t\t\t<figure class=\"wp-caption\">\n\t\t\t\t\t\t\t\t\t\t<img decoding=\"async\" width=\"1024\" height=\"1024\" src=\"https:\/\/mdks.home.pl\/autoinstalator\/wordpress1\/wp-content\/uploads\/2022\/12\/raczynski-1024x1024.png\" class=\"attachment-large size-large wp-image-16001\" alt=\"\" srcset=\"https:\/\/mdks.home.pl\/autoinstalator\/wordpress1\/wp-content\/uploads\/2022\/12\/raczynski-1024x1024.png 1024w, https:\/\/mdks.home.pl\/autoinstalator\/wordpress1\/wp-content\/uploads\/2022\/12\/raczynski-300x300.png 300w, https:\/\/mdks.home.pl\/autoinstalator\/wordpress1\/wp-content\/uploads\/2022\/12\/raczynski-150x150.png 150w, https:\/\/mdks.home.pl\/autoinstalator\/wordpress1\/wp-content\/uploads\/2022\/12\/raczynski-768x768.png 768w, https:\/\/mdks.home.pl\/autoinstalator\/wordpress1\/wp-content\/uploads\/2022\/12\/raczynski.png 1280w\" sizes=\"(max-width: 1024px) 100vw, 1024px\" \/>\t\t\t\t\t\t\t\t\t\t\t<figcaption class=\"widget-image-caption wp-caption-text\"><\/figcaption>\n\t\t\t\t\t\t\t\t\t\t<\/figure>\n\t\t\t\t\t\t\t\t\t<\/div>\n\t\t\t\t<\/div>\n\t\t\t\t\t<\/div>\n\t\t<\/div>\n\t\t\t\t\t<\/div>\n\t\t<\/section>\n\t\t\t\t<section class=\"elementor-section elementor-top-section elementor-element elementor-element-34032102 elementor-section-boxed elementor-section-height-default elementor-section-height-default\" data-id=\"34032102\" data-element_type=\"section\" data-settings=\"{&quot;background_background&quot;:&quot;classic&quot;}\">\n\t\t\t\t\t\t<div class=\"elementor-container elementor-column-gap-default\">\n\t\t\t\t\t<div class=\"elementor-column elementor-col-100 elementor-top-column elementor-element elementor-element-288926f5\" data-id=\"288926f5\" data-element_type=\"column\">\n\t\t\t<div class=\"elementor-widget-wrap elementor-element-populated\">\n\t\t\t\t\t\t<div class=\"elementor-element elementor-element-34f489f2 elementor-widget elementor-widget-elementskit-heading\" data-id=\"34f489f2\" data-element_type=\"widget\" data-widget_type=\"elementskit-heading.default\">\n\t\t\t\t<div class=\"elementor-widget-container\">\n\t\t\t\t\t<div class=\"ekit-wid-con\" ><div class=\"ekit-heading elementskit-section-title-wraper text_left   ekit_heading_tablet-   ekit_heading_mobile- ekit-heading__title-in-left\">\t\t\t\t<div class='ekit-heading__title-wrapper'>\n\t\t\t<h6 class=\"ekit-heading--title elementskit-section-title  ekit-heading__title-has-border start\">Nauczcie dzieci gra\u0107 w szachy, a o ich przysz\u0142o\u015b\u0107 mo\u017cecie by\u0107 spokojni <\/h6>\t\t\t\t<\/div>\n\t\t\t\t<div class='ekit-heading__content-wrapper'>\n\t\t\t\t\t\t\t<div class='ekit-heading__description'>\n\t\t\t\t\t<p>Paul Charles Morphy \u2013 ameryka\u0144ski szachista, nieoficjalny mistrz \u015bwiata<\/p>\n\t\t\t\t<\/div>\n\t\t\t\t\t\t\t<\/div>\n\t\t\t<\/div><\/div>\t\t\t\t<\/div>\n\t\t\t\t<\/div>\n\t\t\t\t\t<\/div>\n\t\t<\/div>\n\t\t\t\t\t<\/div>\n\t\t<\/section>\n\t\t\t\t<\/div>\n\t\t","protected":false},"excerpt":{"rendered":"<p>Aktualno\u015bci Pracownie Filmy REKRUTACJA 2023\/2024 Zachowa\u0107 Pami\u0119\u0107 Historia TP MDK Kontakt X KO\u0141O SZACHOWE &#8222;ROSZADA&#8221; KO\u0141O SZACHOWE ROSZADA Ko\u0142o szachowe &#8222;Roszada&#8221; dzieli si\u0119 na dwie grupy: pocz\u0105tkuj\u0105c\u0105 i zaawansowan\u0105. Co jest warunkiem uczestnictwa w zaj\u0119ciach? Do ko\u0142a przyjmowane s\u0105 dzieci, kt\u00f3re uko\u0144czy\u0142y 6 rok \u017cycia i znaj\u0105 literki oraz cyferki. Reszty nauczymy si\u0119 wsp\u00f3lnie! \u200bKo\u0142o [&hellip;]<\/p>\n","protected":false},"author":3,"featured_media":0,"parent":12309,"menu_order":0,"comment_status":"closed","ping_status":"closed","template":"elementor_canvas","meta":{"site-sidebar-layout":"no-sidebar","site-content-layout":"page-builder","ast-site-content-layout":"","site-content-style":"default","site-sidebar-style":"default","ast-global-header-display":"","ast-banner-title-visibility":"","ast-main-header-display":"","ast-hfb-above-header-display":"","ast-hfb-below-header-display":"","ast-hfb-mobile-header-display":"","site-post-title":"disabled","ast-breadcrumbs-content":"","ast-featured-img":"disabled","footer-sml-layout":"","theme-transparent-header-meta":"","adv-header-id-meta":"","stick-header-meta":"","header-above-stick-meta":"","header-main-stick-meta":"","header-below-stick-meta":"","astra-migrate-meta-layouts":"default","ast-page-background-enabled":"default","ast-page-background-meta":{"desktop":{"background-color":"var(--ast-global-color-4)","background-image":"","background-repeat":"repeat","background-position":"center center","background-size":"auto","background-attachment":"scroll","background-type":"","background-media":"","overlay-type":"","overlay-color":"","overlay-opacity":"","overlay-gradient":""},"tablet":{"background-color":"","background-image":"","background-repeat":"repeat","background-position":"center center","background-size":"auto","background-attachment":"scroll","background-type":"","background-media":"","overlay-type":"","overlay-color":"","overlay-opacity":"","overlay-gradient":""},"mobile":{"background-color":"","background-image":"","background-repeat":"repeat","background-position":"center center","background-size":"auto","background-attachment":"scroll","background-type":"","background-media":"","overlay-type":"","overlay-color":"","overlay-opacity":"","overlay-gradient":""}},"ast-content-background-meta":{"desktop":{"background-color":"var(--ast-global-color-5)","background-image":"","background-repeat":"repeat","background-position":"center center","background-size":"auto","background-attachment":"scroll","background-type":"","background-media":"","overlay-type":"","overlay-color":"","overlay-opacity":"","overlay-gradient":""},"tablet":{"background-color":"var(--ast-global-color-5)","background-image":"","background-repeat":"repeat","background-position":"center center","background-size":"auto","background-attachment":"scroll","background-type":"","background-media":"","overlay-type":"","overlay-color":"","overlay-opacity":"","overlay-gradient":""},"mobile":{"background-color":"var(--ast-global-color-5)","background-image":"","background-repeat":"repeat","background-position":"center center","background-size":"auto","background-attachment":"scroll","background-type":"","background-media":"","overlay-type":"","overlay-color":"","overlay-opacity":"","overlay-gradient":""}},"footnotes":""},"class_list":["post-15998","page","type-page","status-publish","hentry"],"_links":{"self":[{"href":"https:\/\/mdks.home.pl\/autoinstalator\/wordpress1\/wp-json\/wp\/v2\/pages\/15998","targetHints":{"allow":["GET"]}}],"collection":[{"href":"https:\/\/mdks.home.pl\/autoinstalator\/wordpress1\/wp-json\/wp\/v2\/pages"}],"about":[{"href":"https:\/\/mdks.home.pl\/autoinstalator\/wordpress1\/wp-json\/wp\/v2\/types\/page"}],"author":[{"embeddable":true,"href":"https:\/\/mdks.home.pl\/autoinstalator\/wordpress1\/wp-json\/wp\/v2\/users\/3"}],"replies":[{"embeddable":true,"href":"https:\/\/mdks.home.pl\/autoinstalator\/wordpress1\/wp-json\/wp\/v2\/comments?post=15998"}],"version-history":[{"count":13,"href":"https:\/\/mdks.home.pl\/autoinstalator\/wordpress1\/wp-json\/wp\/v2\/pages\/15998\/revisions"}],"predecessor-version":[{"id":17470,"href":"https:\/\/mdks.home.pl\/autoinstalator\/wordpress1\/wp-json\/wp\/v2\/pages\/15998\/revisions\/17470"}],"up":[{"embeddable":true,"href":"https:\/\/mdks.home.pl\/autoinstalator\/wordpress1\/wp-json\/wp\/v2\/pages\/12309"}],"wp:attachment":[{"href":"https:\/\/mdks.home.pl\/autoinstalator\/wordpress1\/wp-json\/wp\/v2\/media?parent=15998"}],"curies":[{"name":"wp","href":"https:\/\/api.w.org\/{rel}","templated":true}]}}