{"id":14340,"date":"2022-10-11T12:09:27","date_gmt":"2022-10-11T10:09:27","guid":{"rendered":"http:\/\/mdks.home.pl\/autoinstalator\/wordpress1\/?page_id=14340"},"modified":"2023-10-19T14:56:27","modified_gmt":"2023-10-19T12:56:27","slug":"akademia-ruchu","status":"publish","type":"page","link":"https:\/\/mdks.home.pl\/autoinstalator\/wordpress1\/kola\/akademia-ruchu\/","title":{"rendered":"AKADEMIA RUCHU"},"content":{"rendered":"\t\t<div data-elementor-type=\"wp-page\" data-elementor-id=\"14340\" class=\"elementor elementor-14340\">\n\t\t\t\t\t\t<section class=\"elementor-section elementor-top-section elementor-element elementor-element-1b357fb elementor-section-boxed elementor-section-height-default elementor-section-height-default\" data-id=\"1b357fb\" data-element_type=\"section\">\n\t\t\t\t\t\t<div class=\"elementor-container elementor-column-gap-default\">\n\t\t\t\t\t<div class=\"elementor-column elementor-col-100 elementor-top-column elementor-element elementor-element-20bb8d7e\" data-id=\"20bb8d7e\" data-element_type=\"column\">\n\t\t\t<div class=\"elementor-widget-wrap elementor-element-populated\">\n\t\t\t\t\t\t<div class=\"elementor-element elementor-element-7a000d67 elementor-widget elementor-widget-ekit-nav-menu\" data-id=\"7a000d67\" data-element_type=\"widget\" data-widget_type=\"ekit-nav-menu.default\">\n\t\t\t\t<div class=\"elementor-widget-container\">\n\t\t\t\t\t\t\t<nav class=\"ekit-wid-con ekit_menu_responsive_tablet\" \n\t\t\tdata-hamburger-icon=\"\" \n\t\t\tdata-hamburger-icon-type=\"icon\" \n\t\t\tdata-responsive-breakpoint=\"1024\">\n\t\t\t            <button class=\"elementskit-menu-hamburger elementskit-menu-toggler\"  type=\"button\" aria-label=\"hamburger-icon\">\n                                    <span class=\"elementskit-menu-hamburger-icon\"><\/span><span class=\"elementskit-menu-hamburger-icon\"><\/span><span class=\"elementskit-menu-hamburger-icon\"><\/span>\n                            <\/button>\n            <div id=\"ekit-megamenu-main-menu\" class=\"elementskit-menu-container elementskit-menu-offcanvas-elements elementskit-navbar-nav-default ekit-nav-menu-one-page- ekit-nav-dropdown-hover\"><ul id=\"menu-main-menu\" class=\"elementskit-navbar-nav elementskit-menu-po-right submenu-click-on-icon\"><li id=\"menu-item-18146\" class=\"menu-item menu-item-type-post_type menu-item-object-page menu-item-18146 nav-item elementskit-mobile-builder-content\" data-vertical-menu=750px><a href=\"https:\/\/mdks.home.pl\/autoinstalator\/wordpress1\/harmonogram-zajec\/\" class=\"ekit-menu-nav-link menu-link\">Harmonogram zaj\u0119\u0107<\/a><\/li>\n<li id=\"menu-item-18088\" class=\"menu-item menu-item-type-post_type menu-item-object-page menu-item-18088 nav-item elementskit-mobile-builder-content\" data-vertical-menu=750px><a href=\"https:\/\/mdks.home.pl\/autoinstalator\/wordpress1\/zajecia-odwolane\/\" class=\"ekit-menu-nav-link menu-link\">Zaj\u0119cia odwo\u0142ane<\/a><\/li>\n<li id=\"menu-item-15451\" class=\"menu-item menu-item-type-post_type menu-item-object-page menu-item-15451 nav-item elementskit-mobile-builder-content\" data-vertical-menu=750px><a href=\"https:\/\/mdks.home.pl\/autoinstalator\/wordpress1\/posty\/\" class=\"ekit-menu-nav-link menu-link\">Aktualno\u015bci<\/a><\/li>\n<li id=\"menu-item-13828\" class=\"menu-item menu-item-type-post_type menu-item-object-page menu-item-home menu-item-13828 nav-item elementskit-mobile-builder-content\" data-vertical-menu=750px><a href=\"https:\/\/mdks.home.pl\/autoinstalator\/wordpress1\/\" class=\"ekit-menu-nav-link menu-link\">Pracownie<\/a><\/li>\n<li id=\"menu-item-15856\" class=\"menu-item menu-item-type-post_type menu-item-object-page menu-item-15856 nav-item elementskit-mobile-builder-content\" data-vertical-menu=750px><a href=\"https:\/\/mdks.home.pl\/autoinstalator\/wordpress1\/filmy\/\" class=\"ekit-menu-nav-link menu-link\">Filmy<\/a><\/li>\n<li id=\"menu-item-17141\" class=\"menu-item menu-item-type-post_type menu-item-object-post menu-item-17141 nav-item elementskit-mobile-builder-content\" data-vertical-menu=750px><a href=\"https:\/\/mdks.home.pl\/autoinstalator\/wordpress1\/rekrutacja-na-zajecia-w-mdk\/\" class=\"ekit-menu-nav-link menu-link\">REKRUTACJA 2026\/2027<\/a><\/li>\n<li id=\"menu-item-16490\" class=\"menu-item menu-item-type-post_type menu-item-object-page menu-item-16490 nav-item elementskit-mobile-builder-content\" data-vertical-menu=750px><a href=\"https:\/\/mdks.home.pl\/autoinstalator\/wordpress1\/zachowac-pamiec\/\" class=\"ekit-menu-nav-link menu-link\">Zachowa\u0107 Pami\u0119\u0107<\/a><\/li>\n<li id=\"menu-item-13482\" class=\"menu-item menu-item-type-post_type menu-item-object-page menu-item-13482 nav-item elementskit-mobile-builder-content\" data-vertical-menu=750px><a href=\"https:\/\/mdks.home.pl\/autoinstalator\/wordpress1\/historia\/\" class=\"ekit-menu-nav-link menu-link\">Historia<\/a><\/li>\n<li id=\"menu-item-15007\" class=\"menu-item menu-item-type-post_type menu-item-object-page menu-item-15007 nav-item elementskit-mobile-builder-content\" data-vertical-menu=750px><a href=\"https:\/\/mdks.home.pl\/autoinstalator\/wordpress1\/tp-mdk\/\" class=\"ekit-menu-nav-link menu-link\">TP MDK<\/a><\/li>\n<li id=\"menu-item-12111\" class=\"menu-item menu-item-type-post_type menu-item-object-page menu-item-12111 nav-item elementskit-mobile-builder-content\" data-vertical-menu=750px><a href=\"https:\/\/mdks.home.pl\/autoinstalator\/wordpress1\/info-contact\/\" class=\"ekit-menu-nav-link menu-link\">Kontakt<\/a><\/li>\n<li id=\"menu-item-18458\" class=\"menu-item menu-item-type-post_type menu-item-object-post menu-item-18458 nav-item elementskit-mobile-builder-content\" data-vertical-menu=750px><a href=\"https:\/\/mdks.home.pl\/autoinstalator\/wordpress1\/23-dozwolone-do-lat-19\/\" class=\"ekit-menu-nav-link menu-link\">Dozwolone do Lat 19<\/a><\/li>\n<\/ul><div class=\"elementskit-nav-identity-panel\"><button class=\"elementskit-menu-close elementskit-menu-toggler\" type=\"button\">X<\/button><\/div><\/div>\t\t\t\n\t\t\t<div class=\"elementskit-menu-overlay elementskit-menu-offcanvas-elements elementskit-menu-toggler ekit-nav-menu--overlay\"><\/div>        <\/nav>\n\t\t\t\t\t\t<\/div>\n\t\t\t\t<\/div>\n\t\t\t\t\t<\/div>\n\t\t<\/div>\n\t\t\t\t\t<\/div>\n\t\t<\/section>\n\t\t\t\t<section class=\"elementor-section elementor-top-section elementor-element elementor-element-63319cec elementor-section-height-min-height elementor-section-full_width elementor-section-height-default elementor-section-items-middle\" data-id=\"63319cec\" data-element_type=\"section\" data-settings=\"{&quot;background_background&quot;:&quot;classic&quot;}\">\n\t\t\t\t\t\t\t<div class=\"elementor-background-overlay\"><\/div>\n\t\t\t\t\t\t\t<div class=\"elementor-container elementor-column-gap-default\">\n\t\t\t\t\t<div class=\"elementor-column elementor-col-100 elementor-top-column elementor-element elementor-element-497473ee\" data-id=\"497473ee\" data-element_type=\"column\">\n\t\t\t<div class=\"elementor-widget-wrap elementor-element-populated\">\n\t\t\t\t\t\t<section class=\"elementor-section elementor-inner-section elementor-element elementor-element-5cb3efce elementor-section-boxed elementor-section-height-default elementor-section-height-default\" data-id=\"5cb3efce\" data-element_type=\"section\">\n\t\t\t\t\t\t<div class=\"elementor-container elementor-column-gap-default\">\n\t\t\t\t\t<div class=\"elementor-column elementor-col-50 elementor-inner-column elementor-element elementor-element-290c52f0\" data-id=\"290c52f0\" data-element_type=\"column\">\n\t\t\t<div class=\"elementor-widget-wrap elementor-element-populated\">\n\t\t\t\t\t\t<div class=\"elementor-element elementor-element-52dae625 elementor-widget elementor-widget-elementskit-heading\" data-id=\"52dae625\" data-element_type=\"widget\" data-widget_type=\"elementskit-heading.default\">\n\t\t\t\t<div class=\"elementor-widget-container\">\n\t\t\t\t\t<div class=\"ekit-wid-con\" ><div class=\"ekit-heading elementskit-section-title-wraper text_left   ekit_heading_tablet-   ekit_heading_mobile-\"><h1 class=\"ekit-heading--title elementskit-section-title \">AKADEMIA RUCHU ACTIVE<\/h1><\/div><\/div>\t\t\t\t<\/div>\n\t\t\t\t<\/div>\n\t\t\t\t\t<\/div>\n\t\t<\/div>\n\t\t\t\t<div class=\"elementor-column elementor-col-50 elementor-inner-column elementor-element elementor-element-7bc5864a\" data-id=\"7bc5864a\" data-element_type=\"column\">\n\t\t\t<div class=\"elementor-widget-wrap\">\n\t\t\t\t\t\t\t<\/div>\n\t\t<\/div>\n\t\t\t\t\t<\/div>\n\t\t<\/section>\n\t\t\t\t\t<\/div>\n\t\t<\/div>\n\t\t\t\t\t<\/div>\n\t\t<\/section>\n\t\t\t\t<section class=\"elementor-section elementor-top-section elementor-element elementor-element-67228bb0 elementor-section-boxed elementor-section-height-default elementor-section-height-default\" data-id=\"67228bb0\" data-element_type=\"section\">\n\t\t\t\t\t\t<div class=\"elementor-container elementor-column-gap-default\">\n\t\t\t\t\t<div class=\"elementor-column elementor-col-100 elementor-top-column elementor-element elementor-element-c46cb3b\" data-id=\"c46cb3b\" data-element_type=\"column\">\n\t\t\t<div class=\"elementor-widget-wrap\">\n\t\t\t\t\t\t\t<\/div>\n\t\t<\/div>\n\t\t\t\t\t<\/div>\n\t\t<\/section>\n\t\t\t\t<section class=\"elementor-section elementor-top-section elementor-element elementor-element-60e4dd90 elementor-section-boxed elementor-section-height-default elementor-section-height-default\" data-id=\"60e4dd90\" data-element_type=\"section\">\n\t\t\t\t\t\t<div class=\"elementor-container elementor-column-gap-default\">\n\t\t\t\t\t<div class=\"elementor-column elementor-col-100 elementor-top-column elementor-element elementor-element-14dbe1ca\" data-id=\"14dbe1ca\" data-element_type=\"column\">\n\t\t\t<div class=\"elementor-widget-wrap elementor-element-populated\">\n\t\t\t\t\t\t<div class=\"elementor-element elementor-element-4ed6d3bf elementor-widget elementor-widget-spacer\" data-id=\"4ed6d3bf\" data-element_type=\"widget\" data-widget_type=\"spacer.default\">\n\t\t\t\t<div class=\"elementor-widget-container\">\n\t\t\t\t\t\t\t<div class=\"elementor-spacer\">\n\t\t\t<div class=\"elementor-spacer-inner\"><\/div>\n\t\t<\/div>\n\t\t\t\t\t\t<\/div>\n\t\t\t\t<\/div>\n\t\t\t\t\t<\/div>\n\t\t<\/div>\n\t\t\t\t\t<\/div>\n\t\t<\/section>\n\t\t\t\t<section class=\"elementor-section elementor-top-section elementor-element elementor-element-40c06a1b elementor-section-content-top elementor-section-boxed elementor-section-height-default elementor-section-height-default\" data-id=\"40c06a1b\" data-element_type=\"section\">\n\t\t\t\t\t\t<div class=\"elementor-container elementor-column-gap-default\">\n\t\t\t\t\t<div class=\"elementor-column elementor-col-100 elementor-top-column elementor-element elementor-element-489fda62\" data-id=\"489fda62\" data-element_type=\"column\">\n\t\t\t<div class=\"elementor-widget-wrap elementor-element-populated\">\n\t\t\t\t\t\t<section class=\"elementor-section elementor-inner-section elementor-element elementor-element-3d8dc954 elementor-section-full_width elementor-section-height-default elementor-section-height-default\" data-id=\"3d8dc954\" data-element_type=\"section\">\n\t\t\t\t\t\t<div class=\"elementor-container elementor-column-gap-default\">\n\t\t\t\t\t<div class=\"elementor-column elementor-col-50 elementor-inner-column elementor-element elementor-element-5428cd2b\" data-id=\"5428cd2b\" data-element_type=\"column\">\n\t\t\t<div class=\"elementor-widget-wrap elementor-element-populated\">\n\t\t\t\t\t\t<div class=\"elementor-element elementor-element-5fc7efa elementor-widget elementor-widget-elementskit-heading\" data-id=\"5fc7efa\" data-element_type=\"widget\" data-widget_type=\"elementskit-heading.default\">\n\t\t\t\t<div class=\"elementor-widget-container\">\n\t\t\t\t\t<div class=\"ekit-wid-con\" ><div class=\"ekit-heading elementskit-section-title-wraper text_left   ekit_heading_tablet-   ekit_heading_mobile-\"><h2 class=\"ekit-heading--title elementskit-section-title \">AKADEMIA RUCHU  <span><span>ACTIVE<\/span><\/span><\/h2><div class=\"ekit_heading_separetor_wraper ekit_heading_elementskit-border-divider\"><div class=\"elementskit-border-divider\"><\/div><\/div><\/div><\/div>\t\t\t\t<\/div>\n\t\t\t\t<\/div>\n\t\t\t\t<div class=\"elementor-element elementor-element-6755f6c7 elementor-widget elementor-widget-text-editor\" data-id=\"6755f6c7\" data-element_type=\"widget\" data-widget_type=\"text-editor.default\">\n\t\t\t\t<div class=\"elementor-widget-container\">\n\t\t\t\t\t\t\t\t\t<p align=\"JUSTIFY\"><span style=\"font-family: Times New Roman, serif;\"><span style=\"font-size: medium;\">Zaj\u0119cia ciesz\u0105 si\u0119 du\u017c\u0105 popularno\u015bci\u0105 w\u015br\u00f3d aktywnych uczestniczek. Na lekcjach rozwijamy poczucie s\u0142uchu i ruchu, poznajemy typowe \u0107wiczenia z gimnastyki artystycznej oraz techniki tanecznej, czy \u0107wiczenia na orientacj\u0119 w przestrzeni rytmicznej. Nauczyciel prowadz\u0105cy uczy dziewczynki jak reagowa\u0107 na wra\u017cliwo\u015b\u0107 artystyczn\u0105, na pi\u0119kn\u0105 harmoni\u0119 ruchu cia\u0142a poprzez odpowiednie \u0107wiczenia kszta\u0142tuj\u0105ce estetyczne postawy, ch\u00f3d, bieg oraz swobodne harmonijne ruchy. Wyst\u0119puj\u0105 \u0107wiczenia z pi\u0142k\u0105 i ko\u0142ami. \u0141\u0105czymy warsztaty z technika taneczn\u0105. Poznajemy \u0107wiczenia rozci\u0105gliwo\u015bci w kierunku du\u017cej rozwarto\u015bci n\u00f3g: p\u00f3\u0142szpagat, szpagat, mostki oraz \u0107wiczenia z zwinno\u015bci w r\u00f3\u017cnego rodzaju przewrotach i przerzutach.<\/span><\/span><\/p>\t\t\t\t\t\t\t\t<\/div>\n\t\t\t\t<\/div>\n\t\t\t\t<div class=\"elementor-element elementor-element-29b46031 elementor-widget elementor-widget-elementskit-heading\" data-id=\"29b46031\" data-element_type=\"widget\" data-widget_type=\"elementskit-heading.default\">\n\t\t\t\t<div class=\"elementor-widget-container\">\n\t\t\t\t\t<div class=\"ekit-wid-con\" ><div class=\"ekit-heading elementskit-section-title-wraper text_left   ekit_heading_tablet-   ekit_heading_mobile-\"><span class=\"elementskit-section-subtitle  \">\n\t\t\t\t\t\tnauczycielka\n\t\t\t\t\t<\/span><h3 class=\"ekit-heading--title elementskit-section-title \">EWA  <span><span>KOWALCZYK<\/span><\/span><\/h3><\/div><\/div>\t\t\t\t<\/div>\n\t\t\t\t<\/div>\n\t\t\t\t\t<\/div>\n\t\t<\/div>\n\t\t\t\t<div class=\"elementor-column elementor-col-50 elementor-inner-column elementor-element elementor-element-74561450\" data-id=\"74561450\" data-element_type=\"column\">\n\t\t\t<div class=\"elementor-widget-wrap elementor-element-populated\">\n\t\t\t\t\t\t<div class=\"elementor-element elementor-element-2ff2198a elementor-widget elementor-widget-image\" data-id=\"2ff2198a\" data-element_type=\"widget\" data-widget_type=\"image.default\">\n\t\t\t\t<div class=\"elementor-widget-container\">\n\t\t\t\t\t\t\t\t\t\t\t\t\t\t\t<img fetchpriority=\"high\" decoding=\"async\" width=\"768\" height=\"1152\" src=\"https:\/\/mdks.home.pl\/autoinstalator\/wordpress1\/wp-content\/uploads\/2022\/10\/B9A3737-768x1152.jpg\" class=\"attachment-medium_large size-medium_large wp-image-14390\" alt=\"\" srcset=\"https:\/\/mdks.home.pl\/autoinstalator\/wordpress1\/wp-content\/uploads\/2022\/10\/B9A3737-768x1152.jpg 768w, https:\/\/mdks.home.pl\/autoinstalator\/wordpress1\/wp-content\/uploads\/2022\/10\/B9A3737-200x300.jpg 200w, https:\/\/mdks.home.pl\/autoinstalator\/wordpress1\/wp-content\/uploads\/2022\/10\/B9A3737-683x1024.jpg 683w, https:\/\/mdks.home.pl\/autoinstalator\/wordpress1\/wp-content\/uploads\/2022\/10\/B9A3737-1024x1536.jpg 1024w, https:\/\/mdks.home.pl\/autoinstalator\/wordpress1\/wp-content\/uploads\/2022\/10\/B9A3737.jpg 1280w\" sizes=\"(max-width: 768px) 100vw, 768px\" \/>\t\t\t\t\t\t\t\t\t\t\t\t\t\t\t<\/div>\n\t\t\t\t<\/div>\n\t\t\t\t\t<\/div>\n\t\t<\/div>\n\t\t\t\t\t<\/div>\n\t\t<\/section>\n\t\t\t\t\t<\/div>\n\t\t<\/div>\n\t\t\t\t\t<\/div>\n\t\t<\/section>\n\t\t\t\t<\/div>\n\t\t","protected":false},"excerpt":{"rendered":"<p>Aktualno\u015bci Pracownie Filmy REKRUTACJA 2023\/2024 Zachowa\u0107 Pami\u0119\u0107 Historia TP MDK Kontakt X AKADEMIA RUCHU ACTIVE AKADEMIA RUCHU ACTIVE Zaj\u0119cia ciesz\u0105 si\u0119 du\u017c\u0105 popularno\u015bci\u0105 w\u015br\u00f3d aktywnych uczestniczek. Na lekcjach rozwijamy poczucie s\u0142uchu i ruchu, poznajemy typowe \u0107wiczenia z gimnastyki artystycznej oraz techniki tanecznej, czy \u0107wiczenia na orientacj\u0119 w przestrzeni rytmicznej. Nauczyciel prowadz\u0105cy uczy dziewczynki jak reagowa\u0107 [&hellip;]<\/p>\n","protected":false},"author":3,"featured_media":0,"parent":12309,"menu_order":0,"comment_status":"closed","ping_status":"closed","template":"elementor_canvas","meta":{"site-sidebar-layout":"no-sidebar","site-content-layout":"page-builder","ast-site-content-layout":"","site-content-style":"default","site-sidebar-style":"default","ast-global-header-display":"","ast-banner-title-visibility":"","ast-main-header-display":"","ast-hfb-above-header-display":"","ast-hfb-below-header-display":"","ast-hfb-mobile-header-display":"","site-post-title":"disabled","ast-breadcrumbs-content":"","ast-featured-img":"disabled","footer-sml-layout":"","theme-transparent-header-meta":"","adv-header-id-meta":"","stick-header-meta":"","header-above-stick-meta":"","header-main-stick-meta":"","header-below-stick-meta":"","astra-migrate-meta-layouts":"default","ast-page-background-enabled":"default","ast-page-background-meta":{"desktop":{"background-color":"var(--ast-global-color-4)","background-image":"","background-repeat":"repeat","background-position":"center center","background-size":"auto","background-attachment":"scroll","background-type":"","background-media":"","overlay-type":"","overlay-color":"","overlay-opacity":"","overlay-gradient":""},"tablet":{"background-color":"","background-image":"","background-repeat":"repeat","background-position":"center center","background-size":"auto","background-attachment":"scroll","background-type":"","background-media":"","overlay-type":"","overlay-color":"","overlay-opacity":"","overlay-gradient":""},"mobile":{"background-color":"","background-image":"","background-repeat":"repeat","background-position":"center center","background-size":"auto","background-attachment":"scroll","background-type":"","background-media":"","overlay-type":"","overlay-color":"","overlay-opacity":"","overlay-gradient":""}},"ast-content-background-meta":{"desktop":{"background-color":"var(--ast-global-color-5)","background-image":"","background-repeat":"repeat","background-position":"center center","background-size":"auto","background-attachment":"scroll","background-type":"","background-media":"","overlay-type":"","overlay-color":"","overlay-opacity":"","overlay-gradient":""},"tablet":{"background-color":"var(--ast-global-color-5)","background-image":"","background-repeat":"repeat","background-position":"center center","background-size":"auto","background-attachment":"scroll","background-type":"","background-media":"","overlay-type":"","overlay-color":"","overlay-opacity":"","overlay-gradient":""},"mobile":{"background-color":"var(--ast-global-color-5)","background-image":"","background-repeat":"repeat","background-position":"center center","background-size":"auto","background-attachment":"scroll","background-type":"","background-media":"","overlay-type":"","overlay-color":"","overlay-opacity":"","overlay-gradient":""}},"footnotes":""},"class_list":["post-14340","page","type-page","status-publish","hentry"],"_links":{"self":[{"href":"https:\/\/mdks.home.pl\/autoinstalator\/wordpress1\/wp-json\/wp\/v2\/pages\/14340","targetHints":{"allow":["GET"]}}],"collection":[{"href":"https:\/\/mdks.home.pl\/autoinstalator\/wordpress1\/wp-json\/wp\/v2\/pages"}],"about":[{"href":"https:\/\/mdks.home.pl\/autoinstalator\/wordpress1\/wp-json\/wp\/v2\/types\/page"}],"author":[{"embeddable":true,"href":"https:\/\/mdks.home.pl\/autoinstalator\/wordpress1\/wp-json\/wp\/v2\/users\/3"}],"replies":[{"embeddable":true,"href":"https:\/\/mdks.home.pl\/autoinstalator\/wordpress1\/wp-json\/wp\/v2\/comments?post=14340"}],"version-history":[{"count":31,"href":"https:\/\/mdks.home.pl\/autoinstalator\/wordpress1\/wp-json\/wp\/v2\/pages\/14340\/revisions"}],"predecessor-version":[{"id":17429,"href":"https:\/\/mdks.home.pl\/autoinstalator\/wordpress1\/wp-json\/wp\/v2\/pages\/14340\/revisions\/17429"}],"up":[{"embeddable":true,"href":"https:\/\/mdks.home.pl\/autoinstalator\/wordpress1\/wp-json\/wp\/v2\/pages\/12309"}],"wp:attachment":[{"href":"https:\/\/mdks.home.pl\/autoinstalator\/wordpress1\/wp-json\/wp\/v2\/media?parent=14340"}],"curies":[{"name":"wp","href":"https:\/\/api.w.org\/{rel}","templated":true}]}}